{"id":254,"date":"2015-04-21T13:28:29","date_gmt":"2015-04-21T13:28:29","guid":{"rendered":"http:\/\/demo1.wprentals.org\/?page_id=254"},"modified":"2024-02-07T09:52:14","modified_gmt":"2024-02-07T09:52:14","slug":"contact","status":"publish","type":"page","link":"https:\/\/lorcaholidays.com\/en\/contact\/","title":{"rendered":"Contact"},"content":{"rendered":"\t\t<div data-elementor-type=\"wp-page\" data-elementor-id=\"254\" class=\"elementor elementor-254\">\n\t\t\t\t\t\t<section class=\"elementor-section elementor-top-section elementor-element elementor-element-aebf621 elementor-section-full_width elementor-section-content-middle elementor-section-height-default elementor-section-height-default elementor-invisible\" data-id=\"aebf621\" data-element_type=\"section\" data-e-type=\"section\" data-settings=\"{&quot;background_background&quot;:&quot;classic&quot;,&quot;animation&quot;:&quot;fadeIn&quot;}\">\n\t\t\t\t\t\t\t<div class=\"elementor-background-overlay\"><\/div>\n\t\t\t\t\t\t\t<div class=\"elementor-container elementor-column-gap-default\">\n\t\t\t\t\t<div class=\"elementor-column elementor-col-50 elementor-top-column elementor-element elementor-element-2883e19\" data-id=\"2883e19\" data-element_type=\"column\" data-e-type=\"column\">\n\t\t\t<div class=\"elementor-widget-wrap elementor-element-populated\">\n\t\t\t\t\t\t<section class=\"elementor-section elementor-inner-section elementor-element elementor-element-e648dec elementor-section-boxed elementor-section-height-default elementor-section-height-default\" data-id=\"e648dec\" data-element_type=\"section\" data-e-type=\"section\">\n\t\t\t\t\t\t<div class=\"elementor-container elementor-column-gap-default\">\n\t\t\t\t\t<div class=\"elementor-column elementor-col-100 elementor-inner-column elementor-element elementor-element-4c3aa10\" data-id=\"4c3aa10\" data-element_type=\"column\" data-e-type=\"column\">\n\t\t\t<div class=\"elementor-widget-wrap elementor-element-populated\">\n\t\t\t\t\t\t<div class=\"elementor-element elementor-element-87d2e25 elementor-widget elementor-widget-heading\" data-id=\"87d2e25\" data-element_type=\"widget\" data-e-type=\"widget\" data-widget_type=\"heading.default\">\n\t\t\t\t<div class=\"elementor-widget-container\">\n\t\t\t\t\t<h2 class=\"elementor-heading-title elementor-size-default\">Contacto<\/h2>\t\t\t\t<\/div>\n\t\t\t\t<\/div>\n\t\t\t\t<div class=\"elementor-element elementor-element-1f2fe9a elementor-widget elementor-widget-heading\" data-id=\"1f2fe9a\" data-element_type=\"widget\" data-e-type=\"widget\" data-widget_type=\"heading.default\">\n\t\t\t\t<div class=\"elementor-widget-container\">\n\t\t\t\t\t<h2 class=\"elementor-heading-title elementor-size-default\">Te gustar\u00eda que te gestion\u00e1ramos tu vivienda? Pide informaci\u00f3n sin compromiso, ponte en contacto con nosotros completando el siguiente formulario.<\/h2>\t\t\t\t<\/div>\n\t\t\t\t<\/div>\n\t\t\t\t<div class=\"elementor-element elementor-element-783d5fc elementor-button-align-stretch elementor-widget elementor-widget-WpRentals_Contact_Form_Builder\" data-id=\"783d5fc\" data-element_type=\"widget\" data-e-type=\"widget\" data-widget_type=\"WpRentals_Contact_Form_Builder.default\">\n\t\t\t\t<div class=\"elementor-widget-container\">\n\t\t\t\t\t\n\n\n\n\n\t\t\t<form class=\"elementor-form wprentals_elementor_form\"  id=\"wprentals-elementor-form-783d5fc\" method=\"post\" >\n            <div id=\"booking_form_request_mess_modal\"><\/div>\n\n            <input name=\"prop_id\" type=\"hidden\"  id=\"contact_form_elementor\" value=\"1\">\n            <input type=\"hidden\" name=\"contact_ajax_nonce\" id=\"agent_property_ajax_nonce\"  value=\"bc4c3a689b\" \/>\n\n            <input type=\"hidden\" id=\"elementor_email_subject\" name=\"email_suject\" value=\"Nuevo mensaje desde p\u00e1gina de contacto\" \/>\n\n\t\t\t\t\t\t<div class=\"elementor-form-fields-wrapper elementor-labels-above\">\n\t\t\t\t\t\t\t\t<div class=\"elementor-field-group elementor-column form-group elementor-field-group-name elementor-col-50\"><label for=\"form-field-name\" class=\"elementor-field-label elementor-screen-only\">Nombre<\/label><input type=\"text\" name=\"name\" id=\"rentals_contact_builder_name\" class=\"elementor-field form-control elementor-size-sm elementor-field-textual\" placeholder=\"Nombre\"><\/div><div class=\"elementor-field-group elementor-column form-group elementor-field-group-email elementor-field-required elementor-col-50\"><label for=\"form-field-email\" class=\"elementor-field-label elementor-screen-only\">Email*<\/label><input type=\"email\" name=\"email\" id=\"rentals_contact_builder_email\" class=\"elementor-field form-control elementor-size-sm elementor-field-textual\" required=\"required\" placeholder=\"Email\"><\/div><div class=\"elementor-field-group elementor-column form-group elementor-field-group-booking_from_date elementor-field-required elementor-col-100\"><label for=\"form-field-booking_from_date\" class=\"elementor-field-label elementor-screen-only\">M\u00f3vil*<\/label><input type=\"text\" name=\"mobile\" id=\"rentals_contact_builder_mobile\" class=\"elementor-field form-control elementor-size-sm elementor-field-textual\" required=\"required\" placeholder=\"M\u00f3vil\"><\/div>\n\t\t\t\t\t\t\t\t<div class=\"elementor-field-group elementor-column elementor-field-type-submit elementor-col-100\">\n\t\t\t\t\t\t\t\t\t<div class=\"gpr_wrapper\"><input type=\"checkbox\" id=\"wpestate_agree_gdpr\" class=\"wpestate_agree_gdpr\" name=\"wpestate_agree_gdpr\" \/>\n\t\t\t\t\t\t\t\t\t\t\t\t\t\t<label for=\"wpestate_agree_gdpr\"><a target=\"_blank\" href=\"https:\/\/lorcaholidays.com\/en\/gdpr-terms-and-conditions\/\">He le\u00eddo y acepto las pol\u00edticas de privacidad del sitio.<\/a><\/label><\/div>\n\t\t\t\t\t\t\t\t\t\t\t\t\t\t\t\t\t\t\t\t\t<button type=\"submit\" class=\"agent_submit_class_elementor wpresidence_button wprentals_button_elementor elementor-button elementor-size-md\">\n\t\t\t\t\t\t\t\t\t\t\t\t\t\t\t\t\t\t\t\t\t\t\t\tEnviar\t\t\t\t\t\t\t\t\t\t\t\t\t\t\t\t\t\t\t\t<\/button>\n\n\t\t\t\t\t\t\t\t<\/div>\n\t\t\t\t\t\t<\/div>\n\n\n\n\t\t\t\t<\/form>\n        <script>\n\n            jQuery(document).ready(function() {\n           \n                jQuery('input[name=\"booking_from_date\"]').each(function(){             \n                    var item_parent =   jQuery(this).parent().parent();\n                    var in_date     =   item_parent.find('input[name=\"booking_from_date\"]') .attr('id');\n                    var out_date    =   item_parent.find('input[name=\"booking_to_date\"]') .attr('id');\n                    console.log('in_date : '+in_date +\" out_date \"+out_date);\n                    wpestaste_check_in_out_enable_new(in_date, out_date);\n                    \n                });\n                wprentals_elementor_submit_form();\n            });\n        <\/script>\n\n\n\n    \t\t\t\t<\/div>\n\t\t\t\t<\/div>\n\t\t\t\t\t<\/div>\n\t\t<\/div>\n\t\t\t\t\t<\/div>\n\t\t<\/section>\n\t\t\t\t\t<\/div>\n\t\t<\/div>\n\t\t\t\t<div class=\"elementor-column elementor-col-50 elementor-top-column elementor-element elementor-element-389d46b\" data-id=\"389d46b\" data-element_type=\"column\" data-e-type=\"column\" data-settings=\"{&quot;background_background&quot;:&quot;classic&quot;}\">\n\t\t\t<div class=\"elementor-widget-wrap elementor-element-populated\">\n\t\t\t\t\t\t<div class=\"elementor-element elementor-element-71dbfd3 elementor-widget elementor-widget-spacer\" data-id=\"71dbfd3\" data-element_type=\"widget\" data-e-type=\"widget\" data-widget_type=\"spacer.default\">\n\t\t\t\t<div class=\"elementor-widget-container\">\n\t\t\t\t\t\t\t<div class=\"elementor-spacer\">\n\t\t\t<div class=\"elementor-spacer-inner\"><\/div>\n\t\t<\/div>\n\t\t\t\t\t\t<\/div>\n\t\t\t\t<\/div>\n\t\t\t\t\t<\/div>\n\t\t<\/div>\n\t\t\t\t\t<\/div>\n\t\t<\/section>\n\t\t\t\t<section class=\"elementor-section elementor-top-section elementor-element elementor-element-271fb8e elementor-section-height-min-height elementor-section-boxed elementor-section-height-default elementor-section-items-middle\" data-id=\"271fb8e\" data-element_type=\"section\" data-e-type=\"section\" data-settings=\"{&quot;background_background&quot;:&quot;classic&quot;}\">\n\t\t\t\t\t\t<div class=\"elementor-container elementor-column-gap-default\">\n\t\t\t\t\t<div class=\"elementor-column elementor-col-100 elementor-top-column elementor-element elementor-element-023108c\" data-id=\"023108c\" data-element_type=\"column\" data-e-type=\"column\">\n\t\t\t<div class=\"elementor-widget-wrap\">\n\t\t\t\t\t\t\t<\/div>\n\t\t<\/div>\n\t\t\t\t\t<\/div>\n\t\t<\/section>\n\t\t\t\t<\/div>\n\t\t","protected":false},"excerpt":{"rendered":"<p>Contact Would you like us to manage your property? Ask for information without obligation, contact us by completing the following form. NameEmail*Mobile* I have read and accept the site's privacy policy. Send<\/p>","protected":false},"author":3,"featured_media":0,"parent":0,"menu_order":0,"comment_status":"open","ping_status":"open","template":"elementor_header_footer","meta":{"_acf_changed":false,"footnotes":""},"class_list":["post-254","page","type-page","status-publish","hentry"],"acf":[],"_links":{"self":[{"href":"https:\/\/lorcaholidays.com\/en\/wp-json\/wp\/v2\/pages\/254","targetHints":{"allow":["GET"]}}],"collection":[{"href":"https:\/\/lorcaholidays.com\/en\/wp-json\/wp\/v2\/pages"}],"about":[{"href":"https:\/\/lorcaholidays.com\/en\/wp-json\/wp\/v2\/types\/page"}],"author":[{"embeddable":true,"href":"https:\/\/lorcaholidays.com\/en\/wp-json\/wp\/v2\/users\/3"}],"replies":[{"embeddable":true,"href":"https:\/\/lorcaholidays.com\/en\/wp-json\/wp\/v2\/comments?post=254"}],"version-history":[{"count":0,"href":"https:\/\/lorcaholidays.com\/en\/wp-json\/wp\/v2\/pages\/254\/revisions"}],"wp:attachment":[{"href":"https:\/\/lorcaholidays.com\/en\/wp-json\/wp\/v2\/media?parent=254"}],"curies":[{"name":"wp","href":"https:\/\/api.w.org\/{rel}","templated":true}]}}